{"id":339,"date":"2021-08-16T10:09:04","date_gmt":"2021-08-16T08:09:04","guid":{"rendered":"https:\/\/www.tigermotorsport.ch\/?page_id=339"},"modified":"2026-04-09T14:46:36","modified_gmt":"2026-04-09T12:46:36","slug":"1990-mazda-mx5-na","status":"publish","type":"page","link":"https:\/\/www.tigermotorsport.ch\/?page_id=339","title":{"rendered":"1990 Mazda MX5 NA"},"content":{"rendered":"\n<figure class=\"wp-block-image size-large\"><img loading=\"lazy\" decoding=\"async\" width=\"1024\" height=\"614\" src=\"https:\/\/www.tigermotorsport.ch\/wp-content\/uploads\/2026\/02\/cropped-EngineBay-1024x614.png\" alt=\"\" class=\"wp-image-629\" srcset=\"https:\/\/www.tigermotorsport.ch\/wp-content\/uploads\/2026\/02\/cropped-EngineBay-1024x614.png 1024w, https:\/\/www.tigermotorsport.ch\/wp-content\/uploads\/2026\/02\/cropped-EngineBay-300x180.png 300w, https:\/\/www.tigermotorsport.ch\/wp-content\/uploads\/2026\/02\/cropped-EngineBay-768x461.png 768w, https:\/\/www.tigermotorsport.ch\/wp-content\/uploads\/2026\/02\/cropped-EngineBay-1536x922.png 1536w, https:\/\/www.tigermotorsport.ch\/wp-content\/uploads\/2026\/02\/cropped-EngineBay.png 2000w\" sizes=\"auto, (max-width: 767px) 89vw, (max-width: 1000px) 54vw, (max-width: 1071px) 543px, 580px\" \/><figcaption class=\"wp-element-caption\">Back to Oldschool<\/figcaption><\/figure>\n\n\n\n<p>Vorgeschichte:<\/p>\n\n\n\n<p>Dieses Fahrzeug wurde zuerst als Daily eingesetzt (Kauf 06.2014) und auch im Winter bewegt. Nach Erkennung des Potenzials wurde das Fahrzeug leicht modifiziert damit es standfester auf der Rennstrecke bewegt werden kann.<\/p>\n\n\n\n<p>Um die Temperaturen in den Griff zu bekommen wurde ein grosser Aluk\u00fchler inkl. separatem Motor\u00f6lk\u00fchler mit Thermostat (das Fahrzeug wird im Sommeralltag bewegt) eingebaut. F\u00fcr die Bremstemperatur wurden vorne spezielle Bremsschilder eingebaut, damit mit einem Schlauch die Luft direkt zu den Bremsscheiben geleitet wird. Somit kann ununterbrochen l\u00e4ngere Zeit auf der Strecke gefahren werden.<\/p>\n\n\n\n<p>Nach 30 Jahren wurden die alten Buchsen durch PU Buchsen ersetzt, diverse Karrosseriestreben nachger\u00fcstet und ein \u00d6hlins-Gewindefahrerk eingebaut. Die Fahrzeugh\u00f6he wurde so gew\u00e4hlt, damit die Achsgeometrie optimal eingestellt werden kann.<\/p>\n\n\n\n<p>Der Motor selber bekam verst\u00e4rkte Pleuellager, der Rest arbeitet seit 300&#8217;000 km ohne Probleme.<\/p>\n\n\n\n<p>Damit Ersatzteile und Reifen transportiert werden k\u00f6nnen, wurde eine AHK verbaut, um einen kleinen Anh\u00e4nger zu ziehen. Damit ist das transportieren von Material\/Reifens\u00e4tzen kein Problem mehr.<\/p>\n\n\n\n<p>Zudem wurde eine komplette Unterbodenverstrebung montiert, damit das alte Chassis wieder fester wird.<\/p>\n\n\n\n<p>Stand 02.2026:<br>Aktuell steht das Fz, damit auf ITB mit Nockenwellen umgebaut und gepr\u00fcft werden kann.<\/p>\n\n\n\n<figure class=\"wp-block-gallery has-nested-images columns-default is-cropped wp-block-gallery-1 is-layout-flex wp-block-gallery-is-layout-flex\">\n<figure class=\"wp-block-image size-large is-resized\"><img loading=\"lazy\" decoding=\"async\" width=\"1024\" height=\"576\" data-id=\"340\" src=\"https:\/\/www.tigermotorsport.ch\/wp-content\/uploads\/2021\/08\/20140624_182329-1024x576.jpg\" alt=\"\" class=\"wp-image-340\" srcset=\"https:\/\/www.tigermotorsport.ch\/wp-content\/uploads\/2021\/08\/20140624_182329-1024x576.jpg 1024w, https:\/\/www.tigermotorsport.ch\/wp-content\/uploads\/2021\/08\/20140624_182329-300x169.jpg 300w, https:\/\/www.tigermotorsport.ch\/wp-content\/uploads\/2021\/08\/20140624_182329-768x432.jpg 768w, https:\/\/www.tigermotorsport.ch\/wp-content\/uploads\/2021\/08\/20140624_182329-1536x864.jpg 1536w, https:\/\/www.tigermotorsport.ch\/wp-content\/uploads\/2021\/08\/20140624_182329-2048x1152.jpg 2048w\" sizes=\"auto, (max-width: 767px) 89vw, (max-width: 1000px) 54vw, (max-width: 1071px) 543px, 580px\" \/><figcaption class=\"wp-element-caption\">Fahrzeug am Kauftag: 24.06.2014<\/figcaption><\/figure>\n\n\n\n<figure class=\"wp-block-image size-large\"><img loading=\"lazy\" decoding=\"async\" width=\"1024\" height=\"576\" data-id=\"341\" src=\"https:\/\/www.tigermotorsport.ch\/wp-content\/uploads\/2021\/08\/20140624_182341-1024x576.jpg\" alt=\"\" class=\"wp-image-341\" srcset=\"https:\/\/www.tigermotorsport.ch\/wp-content\/uploads\/2021\/08\/20140624_182341-1024x576.jpg 1024w, https:\/\/www.tigermotorsport.ch\/wp-content\/uploads\/2021\/08\/20140624_182341-300x169.jpg 300w, https:\/\/www.tigermotorsport.ch\/wp-content\/uploads\/2021\/08\/20140624_182341-768x432.jpg 768w, https:\/\/www.tigermotorsport.ch\/wp-content\/uploads\/2021\/08\/20140624_182341-1536x864.jpg 1536w, https:\/\/www.tigermotorsport.ch\/wp-content\/uploads\/2021\/08\/20140624_182341-2048x1152.jpg 2048w\" sizes=\"auto, (max-width: 767px) 89vw, (max-width: 1000px) 54vw, (max-width: 1071px) 543px, 580px\" \/><figcaption class=\"wp-element-caption\">Fahrzeug am Kauftag: 24.06.2014<\/figcaption><\/figure>\n<\/figure>\n\n\n\n<figure class=\"wp-block-gallery has-nested-images columns-default is-cropped wp-block-gallery-2 is-layout-flex wp-block-gallery-is-layout-flex\">\n<figure class=\"wp-block-image size-large\"><img loading=\"lazy\" decoding=\"async\" width=\"1024\" height=\"769\" data-id=\"348\" src=\"https:\/\/www.tigermotorsport.ch\/wp-content\/uploads\/2021\/08\/2021-08-16-10_06_36-Window-1024x769.png\" alt=\"\" class=\"wp-image-348\" srcset=\"https:\/\/www.tigermotorsport.ch\/wp-content\/uploads\/2021\/08\/2021-08-16-10_06_36-Window-1024x769.png 1024w, https:\/\/www.tigermotorsport.ch\/wp-content\/uploads\/2021\/08\/2021-08-16-10_06_36-Window-300x225.png 300w, https:\/\/www.tigermotorsport.ch\/wp-content\/uploads\/2021\/08\/2021-08-16-10_06_36-Window-768x577.png 768w, https:\/\/www.tigermotorsport.ch\/wp-content\/uploads\/2021\/08\/2021-08-16-10_06_36-Window.png 1221w\" sizes=\"auto, (max-width: 767px) 89vw, (max-width: 1000px) 54vw, (max-width: 1071px) 543px, 580px\" \/><figcaption class=\"wp-element-caption\">Bremsebl\u00fcftung VA<\/figcaption><\/figure>\n\n\n\n<figure class=\"wp-block-image size-large\"><img loading=\"lazy\" decoding=\"async\" width=\"1024\" height=\"767\" data-id=\"350\" src=\"https:\/\/www.tigermotorsport.ch\/wp-content\/uploads\/2021\/08\/2021-08-16-10_06_48-Window-1024x767.png\" alt=\"\" class=\"wp-image-350\" srcset=\"https:\/\/www.tigermotorsport.ch\/wp-content\/uploads\/2021\/08\/2021-08-16-10_06_48-Window-1024x767.png 1024w, https:\/\/www.tigermotorsport.ch\/wp-content\/uploads\/2021\/08\/2021-08-16-10_06_48-Window-300x225.png 300w, https:\/\/www.tigermotorsport.ch\/wp-content\/uploads\/2021\/08\/2021-08-16-10_06_48-Window-768x575.png 768w, https:\/\/www.tigermotorsport.ch\/wp-content\/uploads\/2021\/08\/2021-08-16-10_06_48-Window.png 1234w\" sizes=\"auto, (max-width: 767px) 89vw, (max-width: 1000px) 54vw, (max-width: 1071px) 543px, 580px\" \/><figcaption class=\"wp-element-caption\">Optimierung des Motorraumes mittels ColdAirIntake<\/figcaption><\/figure>\n<\/figure>\n\n\n\n<figure class=\"wp-block-gallery has-nested-images columns-default is-cropped wp-block-gallery-3 is-layout-flex wp-block-gallery-is-layout-flex\">\n<figure class=\"wp-block-image size-large\"><img loading=\"lazy\" decoding=\"async\" width=\"1024\" height=\"767\" data-id=\"351\" src=\"https:\/\/www.tigermotorsport.ch\/wp-content\/uploads\/2021\/08\/2021-08-16-10_07_04-Window-1024x767.png\" alt=\"\" class=\"wp-image-351\" srcset=\"https:\/\/www.tigermotorsport.ch\/wp-content\/uploads\/2021\/08\/2021-08-16-10_07_04-Window-1024x767.png 1024w, https:\/\/www.tigermotorsport.ch\/wp-content\/uploads\/2021\/08\/2021-08-16-10_07_04-Window-300x225.png 300w, https:\/\/www.tigermotorsport.ch\/wp-content\/uploads\/2021\/08\/2021-08-16-10_07_04-Window-768x575.png 768w, https:\/\/www.tigermotorsport.ch\/wp-content\/uploads\/2021\/08\/2021-08-16-10_07_04-Window.png 1232w\" sizes=\"auto, (max-width: 767px) 89vw, (max-width: 1000px) 54vw, (max-width: 1071px) 543px, 580px\" \/><figcaption class=\"wp-element-caption\">Stand 08.2021<\/figcaption><\/figure>\n\n\n\n<figure class=\"wp-block-image size-large\"><img loading=\"lazy\" decoding=\"async\" width=\"1003\" height=\"747\" data-id=\"373\" src=\"https:\/\/www.tigermotorsport.ch\/wp-content\/uploads\/2021\/10\/heck.png\" alt=\"\" class=\"wp-image-373\" srcset=\"https:\/\/www.tigermotorsport.ch\/wp-content\/uploads\/2021\/10\/heck.png 1003w, https:\/\/www.tigermotorsport.ch\/wp-content\/uploads\/2021\/10\/heck-300x223.png 300w, https:\/\/www.tigermotorsport.ch\/wp-content\/uploads\/2021\/10\/heck-768x572.png 768w\" sizes=\"auto, (max-width: 767px) 89vw, (max-width: 1000px) 54vw, (max-width: 1071px) 543px, 580px\" \/><figcaption class=\"wp-element-caption\">Stand 08.2021<\/figcaption><\/figure>\n<\/figure>\n\n\n\n<figure class=\"wp-block-gallery has-nested-images columns-default is-cropped wp-block-gallery-4 is-layout-flex wp-block-gallery-is-layout-flex\">\n<figure class=\"wp-block-image size-large\"><img loading=\"lazy\" decoding=\"async\" width=\"1024\" height=\"576\" data-id=\"688\" src=\"https:\/\/www.tigermotorsport.ch\/wp-content\/uploads\/2026\/02\/20250810_162708-1024x576.jpg\" alt=\"\" class=\"wp-image-688\" srcset=\"https:\/\/www.tigermotorsport.ch\/wp-content\/uploads\/2026\/02\/20250810_162708-1024x576.jpg 1024w, https:\/\/www.tigermotorsport.ch\/wp-content\/uploads\/2026\/02\/20250810_162708-300x169.jpg 300w, https:\/\/www.tigermotorsport.ch\/wp-content\/uploads\/2026\/02\/20250810_162708-768x432.jpg 768w, https:\/\/www.tigermotorsport.ch\/wp-content\/uploads\/2026\/02\/20250810_162708-1536x865.jpg 1536w, https:\/\/www.tigermotorsport.ch\/wp-content\/uploads\/2026\/02\/20250810_162708-2048x1153.jpg 2048w\" sizes=\"auto, (max-width: 767px) 89vw, (max-width: 1000px) 54vw, (max-width: 1071px) 543px, 580px\" \/><figcaption class=\"wp-element-caption\">Unterbodenverstrebung<\/figcaption><\/figure>\n\n\n\n<figure class=\"wp-block-image size-large\"><img loading=\"lazy\" decoding=\"async\" width=\"1024\" height=\"577\" data-id=\"539\" src=\"https:\/\/www.tigermotorsport.ch\/wp-content\/uploads\/2025\/06\/20250524_150839-1024x577.jpg\" alt=\"\" class=\"wp-image-539\" srcset=\"https:\/\/www.tigermotorsport.ch\/wp-content\/uploads\/2025\/06\/20250524_150839-1024x577.jpg 1024w, https:\/\/www.tigermotorsport.ch\/wp-content\/uploads\/2025\/06\/20250524_150839-300x169.jpg 300w, https:\/\/www.tigermotorsport.ch\/wp-content\/uploads\/2025\/06\/20250524_150839-768x432.jpg 768w, https:\/\/www.tigermotorsport.ch\/wp-content\/uploads\/2025\/06\/20250524_150839-1536x865.jpg 1536w, https:\/\/www.tigermotorsport.ch\/wp-content\/uploads\/2025\/06\/20250524_150839-2048x1153.jpg 2048w\" sizes=\"auto, (max-width: 767px) 89vw, (max-width: 1000px) 54vw, (max-width: 1071px) 543px, 580px\" \/><figcaption class=\"wp-element-caption\">Thermoisolierung Kr\u00fcmmer<\/figcaption><\/figure>\n<\/figure>\n\n\n\n<p>Aktuell wird der MX mit der Firma SPS Motorsport (DE) und Obrist Motorsport (CH) auf eine Einzeldrossel umgebaut. Zus\u00e4tzlich wird noch mit einem 200 Zellen Katalysator, speziellem Kr\u00fcmmer und Nockenwellen die letzten PS herausgeholt.<\/p>\n\n\n\n<figure class=\"wp-block-gallery has-nested-images columns-default is-cropped wp-block-gallery-5 is-layout-flex wp-block-gallery-is-layout-flex\">\n<figure class=\"wp-block-image size-large\"><img loading=\"lazy\" decoding=\"async\" width=\"1024\" height=\"768\" data-id=\"686\" src=\"https:\/\/www.tigermotorsport.ch\/wp-content\/uploads\/2026\/02\/20221211_170053-1024x768.jpg\" alt=\"\" class=\"wp-image-686\" srcset=\"https:\/\/www.tigermotorsport.ch\/wp-content\/uploads\/2026\/02\/20221211_170053-1024x768.jpg 1024w, https:\/\/www.tigermotorsport.ch\/wp-content\/uploads\/2026\/02\/20221211_170053-300x225.jpg 300w, https:\/\/www.tigermotorsport.ch\/wp-content\/uploads\/2026\/02\/20221211_170053-768x576.jpg 768w, https:\/\/www.tigermotorsport.ch\/wp-content\/uploads\/2026\/02\/20221211_170053-1536x1152.jpg 1536w, https:\/\/www.tigermotorsport.ch\/wp-content\/uploads\/2026\/02\/20221211_170053-2048x1536.jpg 2048w\" sizes=\"auto, (max-width: 767px) 89vw, (max-width: 1000px) 54vw, (max-width: 1071px) 543px, 580px\" \/><figcaption class=\"wp-element-caption\">Probemontage des Kr\u00fcmmers und der ITB<\/figcaption><\/figure>\n\n\n\n<figure class=\"wp-block-image size-large\"><img loading=\"lazy\" decoding=\"async\" width=\"1024\" height=\"577\" data-id=\"687\" src=\"https:\/\/www.tigermotorsport.ch\/wp-content\/uploads\/2026\/02\/20250504_170229-1024x577.jpg\" alt=\"\" class=\"wp-image-687\" srcset=\"https:\/\/www.tigermotorsport.ch\/wp-content\/uploads\/2026\/02\/20250504_170229-1024x577.jpg 1024w, https:\/\/www.tigermotorsport.ch\/wp-content\/uploads\/2026\/02\/20250504_170229-300x169.jpg 300w, https:\/\/www.tigermotorsport.ch\/wp-content\/uploads\/2026\/02\/20250504_170229-768x432.jpg 768w, https:\/\/www.tigermotorsport.ch\/wp-content\/uploads\/2026\/02\/20250504_170229-1536x865.jpg 1536w, https:\/\/www.tigermotorsport.ch\/wp-content\/uploads\/2026\/02\/20250504_170229-2048x1153.jpg 2048w\" sizes=\"auto, (max-width: 767px) 89vw, (max-width: 1000px) 54vw, (max-width: 1071px) 543px, 580px\" \/><figcaption class=\"wp-element-caption\">Ansicht von vorne, Luftfilter direkt hinter der Stossstange um kalte Luft anzusaugen<\/figcaption><\/figure>\n<\/figure>\n\n\n\n<figure class=\"wp-block-gallery has-nested-images columns-default is-cropped wp-block-gallery-6 is-layout-flex wp-block-gallery-is-layout-flex\">\n<figure class=\"wp-block-image size-large\"><img loading=\"lazy\" decoding=\"async\" width=\"1024\" height=\"576\" data-id=\"689\" src=\"https:\/\/www.tigermotorsport.ch\/wp-content\/uploads\/2026\/02\/20260111_104505-1024x576.jpg\" alt=\"\" class=\"wp-image-689\" srcset=\"https:\/\/www.tigermotorsport.ch\/wp-content\/uploads\/2026\/02\/20260111_104505-1024x576.jpg 1024w, https:\/\/www.tigermotorsport.ch\/wp-content\/uploads\/2026\/02\/20260111_104505-300x169.jpg 300w, https:\/\/www.tigermotorsport.ch\/wp-content\/uploads\/2026\/02\/20260111_104505-768x432.jpg 768w, https:\/\/www.tigermotorsport.ch\/wp-content\/uploads\/2026\/02\/20260111_104505-1536x864.jpg 1536w, https:\/\/www.tigermotorsport.ch\/wp-content\/uploads\/2026\/02\/20260111_104505-2048x1153.jpg 2048w\" sizes=\"auto, (max-width: 767px) 89vw, (max-width: 1000px) 54vw, (max-width: 1071px) 543px, 580px\" \/><figcaption class=\"wp-element-caption\">ITB Umbau<\/figcaption><\/figure>\n\n\n\n<figure class=\"wp-block-image size-large\"><img loading=\"lazy\" decoding=\"async\" width=\"1024\" height=\"576\" data-id=\"690\" src=\"https:\/\/www.tigermotorsport.ch\/wp-content\/uploads\/2026\/02\/20260111_104530-1024x576.jpg\" alt=\"\" class=\"wp-image-690\" srcset=\"https:\/\/www.tigermotorsport.ch\/wp-content\/uploads\/2026\/02\/20260111_104530-1024x576.jpg 1024w, https:\/\/www.tigermotorsport.ch\/wp-content\/uploads\/2026\/02\/20260111_104530-300x169.jpg 300w, https:\/\/www.tigermotorsport.ch\/wp-content\/uploads\/2026\/02\/20260111_104530-768x432.jpg 768w, https:\/\/www.tigermotorsport.ch\/wp-content\/uploads\/2026\/02\/20260111_104530-1536x864.jpg 1536w, https:\/\/www.tigermotorsport.ch\/wp-content\/uploads\/2026\/02\/20260111_104530-2048x1153.jpg 2048w\" sizes=\"auto, (max-width: 767px) 89vw, (max-width: 1000px) 54vw, (max-width: 1071px) 543px, 580px\" \/><figcaption class=\"wp-element-caption\">ITB Umbau<\/figcaption><\/figure>\n<\/figure>\n\n\n\n<figure class=\"wp-block-gallery has-nested-images columns-default is-cropped wp-block-gallery-7 is-layout-flex wp-block-gallery-is-layout-flex\">\n<figure class=\"wp-block-image size-large\"><img loading=\"lazy\" decoding=\"async\" width=\"1024\" height=\"614\" data-id=\"635\" src=\"https:\/\/www.tigermotorsport.ch\/wp-content\/uploads\/2026\/02\/cropped-20250817_153707-1024x614.jpg\" alt=\"\" class=\"wp-image-635\" srcset=\"https:\/\/www.tigermotorsport.ch\/wp-content\/uploads\/2026\/02\/cropped-20250817_153707-1024x614.jpg 1024w, https:\/\/www.tigermotorsport.ch\/wp-content\/uploads\/2026\/02\/cropped-20250817_153707-300x180.jpg 300w, https:\/\/www.tigermotorsport.ch\/wp-content\/uploads\/2026\/02\/cropped-20250817_153707-768x461.jpg 768w, https:\/\/www.tigermotorsport.ch\/wp-content\/uploads\/2026\/02\/cropped-20250817_153707-1536x922.jpg 1536w, https:\/\/www.tigermotorsport.ch\/wp-content\/uploads\/2026\/02\/cropped-20250817_153707.jpg 2000w\" sizes=\"auto, (max-width: 767px) 89vw, (max-width: 1000px) 54vw, (max-width: 1071px) 543px, 580px\" \/><figcaption class=\"wp-element-caption\">Aktueller Stand (13.02.2026)<\/figcaption><\/figure>\n\n\n\n<figure class=\"wp-block-image size-large\"><img loading=\"lazy\" decoding=\"async\" width=\"1024\" height=\"576\" data-id=\"691\" src=\"https:\/\/www.tigermotorsport.ch\/wp-content\/uploads\/2026\/02\/20260111_171957-1024x576.jpg\" alt=\"\" class=\"wp-image-691\" srcset=\"https:\/\/www.tigermotorsport.ch\/wp-content\/uploads\/2026\/02\/20260111_171957-1024x576.jpg 1024w, https:\/\/www.tigermotorsport.ch\/wp-content\/uploads\/2026\/02\/20260111_171957-300x169.jpg 300w, https:\/\/www.tigermotorsport.ch\/wp-content\/uploads\/2026\/02\/20260111_171957-768x432.jpg 768w, https:\/\/www.tigermotorsport.ch\/wp-content\/uploads\/2026\/02\/20260111_171957-1536x864.jpg 1536w, https:\/\/www.tigermotorsport.ch\/wp-content\/uploads\/2026\/02\/20260111_171957.jpg 1877w\" sizes=\"auto, (max-width: 767px) 89vw, (max-width: 1000px) 54vw, (max-width: 1071px) 543px, 580px\" \/><figcaption class=\"wp-element-caption\">Akteuller Stand (13.02.2026)<\/figcaption><\/figure>\n<\/figure>\n\n\n\n<figure class=\"wp-block-image size-large\"><img loading=\"lazy\" decoding=\"async\" width=\"1024\" height=\"576\" src=\"https:\/\/www.tigermotorsport.ch\/wp-content\/uploads\/2026\/02\/20250716_171223-1024x576.jpg\" alt=\"\" class=\"wp-image-656\" srcset=\"https:\/\/www.tigermotorsport.ch\/wp-content\/uploads\/2026\/02\/20250716_171223-1024x576.jpg 1024w, https:\/\/www.tigermotorsport.ch\/wp-content\/uploads\/2026\/02\/20250716_171223-300x169.jpg 300w, https:\/\/www.tigermotorsport.ch\/wp-content\/uploads\/2026\/02\/20250716_171223-768x432.jpg 768w, https:\/\/www.tigermotorsport.ch\/wp-content\/uploads\/2026\/02\/20250716_171223-1536x865.jpg 1536w, https:\/\/www.tigermotorsport.ch\/wp-content\/uploads\/2026\/02\/20250716_171223-2048x1153.jpg 2048w\" sizes=\"auto, (max-width: 767px) 89vw, (max-width: 1000px) 54vw, (max-width: 1071px) 543px, 580px\" \/><figcaption class=\"wp-element-caption\">TIGER Motorsport Special Edition<\/figcaption><\/figure>\n\n\n\n<div style=\"height:55px\" aria-hidden=\"true\" class=\"wp-block-spacer\"><\/div>\n\n\n\n<p>So wird Schritt f\u00fcr Schritt der MX f\u00fcr die Rennstrecke umgebaut. Nach jeder Fahrt wird wieder etwas optimiert. Was kaputt geht, wird durch Besseres ersetzt. Dadurch wird jedes Mal ein kleiner Fortschritt erzielt.<\/p>\n\n\n\n<p>Die gr\u00f6sste Herausforderung dabei ist nat\u00fcrlich die MFK zu bestehen resp. die Gesetze einzuhalten.<\/p>\n\n\n\n<figure class=\"wp-block-image size-full\"><img loading=\"lazy\" decoding=\"async\" width=\"532\" height=\"534\" src=\"https:\/\/www.tigermotorsport.ch\/wp-content\/uploads\/2026\/02\/MEme.jpg\" alt=\"\" class=\"wp-image-764\" srcset=\"https:\/\/www.tigermotorsport.ch\/wp-content\/uploads\/2026\/02\/MEme.jpg 532w, https:\/\/www.tigermotorsport.ch\/wp-content\/uploads\/2026\/02\/MEme-300x300.jpg 300w, https:\/\/www.tigermotorsport.ch\/wp-content\/uploads\/2026\/02\/MEme-150x150.jpg 150w, https:\/\/www.tigermotorsport.ch\/wp-content\/uploads\/2026\/02\/MEme-100x100.jpg 100w\" sizes=\"auto, (max-width: 532px) 100vw, 532px\" \/><figcaption class=\"wp-element-caption\">Quellen: Youtube <a href=\"https:\/\/www.youtube.com\/@Autodoktoren\">&#171;Die Autodoktoren &#8211; offizieller Kanal&#187;<\/a> \/ <a href=\"https:\/\/kekememes.de\/picture\/war-heute-beim-tuv-bin-ohne-probleme-durchgekommen-tCYRBB7x7\">https:\/\/kekememes.de\/picture\/war-heute-beim-tuv-bin-ohne-probleme-durchgekommen-tCYRBB7x7<\/a><\/figcaption><\/figure>\n\n\n\n<p><\/p>\n","protected":false},"excerpt":{"rendered":"<p>Vorgeschichte: Dieses Fahrzeug wurde zuerst als Daily eingesetzt (Kauf 06.2014) und auch im Winter bewegt. Nach Erkennung des Potenzials wurde das Fahrzeug leicht modifiziert damit es standfester auf der Rennstrecke bewegt werden kann. Um die Temperaturen in den Griff zu bekommen wurde ein grosser Aluk\u00fchler inkl. separatem Motor\u00f6lk\u00fchler mit Thermostat (das Fahrzeug wird im Sommeralltag &hellip; <\/p>\n<p class=\"link-more\"><a href=\"https:\/\/www.tigermotorsport.ch\/?page_id=339\" class=\"more-link\"><span class=\"screen-reader-text\">&#171;1990 Mazda MX5 NA&#187;<\/span> weiterlesen<\/a><\/p>\n","protected":false},"author":2,"featured_media":0,"parent":0,"menu_order":0,"comment_status":"closed","ping_status":"closed","template":"","meta":{"footnotes":""},"class_list":["post-339","page","type-page","status-publish","hentry"],"_links":{"self":[{"href":"https:\/\/www.tigermotorsport.ch\/index.php?rest_route=\/wp\/v2\/pages\/339","targetHints":{"allow":["GET"]}}],"collection":[{"href":"https:\/\/www.tigermotorsport.ch\/index.php?rest_route=\/wp\/v2\/pages"}],"about":[{"href":"https:\/\/www.tigermotorsport.ch\/index.php?rest_route=\/wp\/v2\/types\/page"}],"author":[{"embeddable":true,"href":"https:\/\/www.tigermotorsport.ch\/index.php?rest_route=\/wp\/v2\/users\/2"}],"replies":[{"embeddable":true,"href":"https:\/\/www.tigermotorsport.ch\/index.php?rest_route=%2Fwp%2Fv2%2Fcomments&post=339"}],"version-history":[{"count":37,"href":"https:\/\/www.tigermotorsport.ch\/index.php?rest_route=\/wp\/v2\/pages\/339\/revisions"}],"predecessor-version":[{"id":796,"href":"https:\/\/www.tigermotorsport.ch\/index.php?rest_route=\/wp\/v2\/pages\/339\/revisions\/796"}],"wp:attachment":[{"href":"https:\/\/www.tigermotorsport.ch\/index.php?rest_route=%2Fwp%2Fv2%2Fmedia&parent=339"}],"curies":[{"name":"wp","href":"https:\/\/api.w.org\/{rel}","templated":true}]}}