{"id":534,"date":"2025-06-24T12:45:42","date_gmt":"2025-06-24T10:45:42","guid":{"rendered":"https:\/\/www.tigermotorsport.ch\/?page_id=534"},"modified":"2026-04-10T09:42:05","modified_gmt":"2026-04-10T07:42:05","slug":"ueber-mich","status":"publish","type":"page","link":"https:\/\/www.tigermotorsport.ch\/","title":{"rendered":"\u00dcber mich"},"content":{"rendered":"\n<figure class=\"wp-block-image size-large\"><img loading=\"lazy\" decoding=\"async\" width=\"1024\" height=\"768\" src=\"https:\/\/www.tigermotorsport.ch\/wp-content\/uploads\/2025\/06\/WhatsApp-Bild-2024-08-01-um-15.37.14_ee7fa1c9-1024x768.jpg\" alt=\"\" class=\"wp-image-545\" srcset=\"https:\/\/www.tigermotorsport.ch\/wp-content\/uploads\/2025\/06\/WhatsApp-Bild-2024-08-01-um-15.37.14_ee7fa1c9-1024x768.jpg 1024w, https:\/\/www.tigermotorsport.ch\/wp-content\/uploads\/2025\/06\/WhatsApp-Bild-2024-08-01-um-15.37.14_ee7fa1c9-300x225.jpg 300w, https:\/\/www.tigermotorsport.ch\/wp-content\/uploads\/2025\/06\/WhatsApp-Bild-2024-08-01-um-15.37.14_ee7fa1c9-768x576.jpg 768w, https:\/\/www.tigermotorsport.ch\/wp-content\/uploads\/2025\/06\/WhatsApp-Bild-2024-08-01-um-15.37.14_ee7fa1c9-1536x1152.jpg 1536w, https:\/\/www.tigermotorsport.ch\/wp-content\/uploads\/2025\/06\/WhatsApp-Bild-2024-08-01-um-15.37.14_ee7fa1c9.jpg 1600w\" sizes=\"auto, (max-width: 767px) 89vw, (max-width: 1000px) 54vw, (max-width: 1071px) 543px, 580px\" \/><\/figure>\n\n\n\n<p>Hallo, ich bin Pascal \u2014 die meisten kennen mich allerdings nur als <em>TIGER<\/em>.<\/p>\n\n\n\n<p>Geboren 1987, habe ich schon fr\u00fch meine Leidenschaft f\u00fcr alles, was R\u00e4der und Motoren hat, entdeckt. 2006 habe ich meine erste Lehre als Automechaniker abgeschlossen, sp\u00e4ter folgte 2015 noch die Ausbildung zum Informatiker. Diese Kombination hilft mir heute nicht nur bei Schraubereien, sondern auch bei elektronischen T\u00fcfteleien an den Fahrzeugen.<\/p>\n\n\n\n<div class=\"wp-block-group is-nowrap is-layout-flex wp-container-core-group-is-layout-ad2f72ca wp-block-group-is-layout-flex\">\n<p>Mein Weg in den Motorsport begann mit meinem ersten eigenen Auto \u2014 einem 1998 Subaru Impreza GT GC8, den ich auf STI-Technik umgebaut habe. Damit kamen die ersten Erfahrungen auf der Rennstrecke.<\/p>\n\n\n\n<div class=\"wp-block-columns is-layout-flex wp-container-core-columns-is-layout-9d6595d7 wp-block-columns-is-layout-flex\">\n<div class=\"wp-block-column is-layout-flow wp-block-column-is-layout-flow\" style=\"flex-basis:100%\">\n<figure class=\"wp-block-image size-full\"><img loading=\"lazy\" decoding=\"async\" width=\"960\" height=\"635\" src=\"https:\/\/www.tigermotorsport.ch\/wp-content\/uploads\/2026\/02\/10527826_719124851469070_1410563942674656117_n.jpg\" alt=\"\" class=\"wp-image-618\" srcset=\"https:\/\/www.tigermotorsport.ch\/wp-content\/uploads\/2026\/02\/10527826_719124851469070_1410563942674656117_n.jpg 960w, https:\/\/www.tigermotorsport.ch\/wp-content\/uploads\/2026\/02\/10527826_719124851469070_1410563942674656117_n-300x198.jpg 300w, https:\/\/www.tigermotorsport.ch\/wp-content\/uploads\/2026\/02\/10527826_719124851469070_1410563942674656117_n-768x508.jpg 768w\" sizes=\"auto, (max-width: 767px) 89vw, (max-width: 1000px) 54vw, (max-width: 1071px) 543px, 580px\" \/><\/figure>\n<\/div>\n<\/div>\n<\/div>\n\n\n\n<div style=\"height:55px\" aria-hidden=\"true\" class=\"wp-block-spacer\"><\/div>\n\n\n\n<div class=\"wp-block-group is-nowrap is-layout-flex wp-container-core-group-is-layout-ad2f72ca wp-block-group-is-layout-flex\">\n<figure class=\"wp-block-image size-large is-style-default\"><img loading=\"lazy\" decoding=\"async\" width=\"1024\" height=\"537\" src=\"https:\/\/www.tigermotorsport.ch\/wp-content\/uploads\/2026\/02\/cropped-IMG_1379_zps23c9da40-1024x537.jpg\" alt=\"\" class=\"wp-image-623\" style=\"aspect-ratio:1.9069849690539347\" srcset=\"https:\/\/www.tigermotorsport.ch\/wp-content\/uploads\/2026\/02\/cropped-IMG_1379_zps23c9da40-1024x537.jpg 1024w, https:\/\/www.tigermotorsport.ch\/wp-content\/uploads\/2026\/02\/cropped-IMG_1379_zps23c9da40-300x157.jpg 300w, https:\/\/www.tigermotorsport.ch\/wp-content\/uploads\/2026\/02\/cropped-IMG_1379_zps23c9da40-768x403.jpg 768w, https:\/\/www.tigermotorsport.ch\/wp-content\/uploads\/2026\/02\/cropped-IMG_1379_zps23c9da40-1536x806.jpg 1536w, https:\/\/www.tigermotorsport.ch\/wp-content\/uploads\/2026\/02\/cropped-IMG_1379_zps23c9da40.jpg 2000w\" sizes=\"auto, (max-width: 767px) 89vw, (max-width: 1000px) 54vw, (max-width: 1071px) 543px, 580px\" \/><\/figure>\n\n\n\n<p>Kurz darauf packte mich auch die Drift-Leidenschaft. Ein Mazda RX-7 FC3S diente als erstes Driftprojekt und f\u00fcr die ersten Versuche quer durch die Kurven.<\/p>\n<\/div>\n\n\n\n<div style=\"height:55px\" aria-hidden=\"true\" class=\"wp-block-spacer\"><\/div>\n\n\n\n<div class=\"wp-block-group is-nowrap is-layout-flex wp-container-core-group-is-layout-ad2f72ca wp-block-group-is-layout-flex\">\n<p>Auch mit einem umgebauten 1991 Mazda MX5 wurde viel gedriftet und Erfahrungen gesammelt.<\/p>\n\n\n\n<figure class=\"wp-block-image size-full\"><img loading=\"lazy\" decoding=\"async\" width=\"630\" height=\"466\" src=\"https:\/\/www.tigermotorsport.ch\/wp-content\/uploads\/2026\/02\/TMS-Film-1.jpg\" alt=\"\" class=\"wp-image-658\" srcset=\"https:\/\/www.tigermotorsport.ch\/wp-content\/uploads\/2026\/02\/TMS-Film-1.jpg 630w, https:\/\/www.tigermotorsport.ch\/wp-content\/uploads\/2026\/02\/TMS-Film-1-300x222.jpg 300w\" sizes=\"auto, (max-width: 630px) 100vw, 630px\" \/><\/figure>\n<\/div>\n\n\n\n<div style=\"height:55px\" aria-hidden=\"true\" class=\"wp-block-spacer\"><\/div>\n\n\n\n<p>Aktuell sind folgende Fahrzeuge in unserem gemeinsamen Fuhrpark::<\/p>\n\n\n\n<div class=\"wp-block-group is-nowrap is-layout-flex wp-container-core-group-is-layout-ad2f72ca wp-block-group-is-layout-flex\">\n<ul class=\"wp-block-list\">\n<li>Einen 1990er, umgebaut auf ITB und mit Strassenzulassung (MFK)<br>Genaueres unter &#171;Projekte&#187; &#8211; <a href=\"https:\/\/www.tigermotorsport.ch\/?page_id=339\" data-type=\"page\" data-id=\"339\">1990 Mazda MX5 NA<\/a><\/li>\n<\/ul>\n<\/div>\n\n\n\n<div style=\"height:19px\" aria-hidden=\"true\" class=\"wp-block-spacer\"><\/div>\n\n\n\n<figure class=\"wp-block-image size-large is-resized\"><img loading=\"lazy\" decoding=\"async\" width=\"1024\" height=\"614\" src=\"https:\/\/www.tigermotorsport.ch\/wp-content\/uploads\/2026\/02\/cropped-20250817_153707-1024x614.jpg\" alt=\"\" class=\"wp-image-635\" style=\"width:244px;height:auto\" srcset=\"https:\/\/www.tigermotorsport.ch\/wp-content\/uploads\/2026\/02\/cropped-20250817_153707-1024x614.jpg 1024w, https:\/\/www.tigermotorsport.ch\/wp-content\/uploads\/2026\/02\/cropped-20250817_153707-300x180.jpg 300w, https:\/\/www.tigermotorsport.ch\/wp-content\/uploads\/2026\/02\/cropped-20250817_153707-768x461.jpg 768w, https:\/\/www.tigermotorsport.ch\/wp-content\/uploads\/2026\/02\/cropped-20250817_153707-1536x922.jpg 1536w, https:\/\/www.tigermotorsport.ch\/wp-content\/uploads\/2026\/02\/cropped-20250817_153707.jpg 2000w\" sizes=\"auto, (max-width: 767px) 89vw, (max-width: 1000px) 54vw, (max-width: 1071px) 543px, 580px\" \/><\/figure>\n\n\n\n<ul class=\"wp-block-list\">\n<li>Einen 1991 Mazda RX7 Turbo II, ein gemeinsames Projekt mit meiner Frau<br>Genaueres unter &#171;Projekte&#187;- <a href=\"https:\/\/www.tigermotorsport.ch\/?page_id=784\" data-type=\"page\" data-id=\"784\">1991 Mazda RX7 FC3s Turbo II<\/a><\/li>\n<\/ul>\n\n\n\n<figure class=\"wp-block-image size-large is-resized\"><img loading=\"lazy\" decoding=\"async\" width=\"1024\" height=\"768\" src=\"https:\/\/www.tigermotorsport.ch\/wp-content\/uploads\/2026\/04\/IMG-20260405-WA0039-1-1024x768.jpg\" alt=\"\" class=\"wp-image-781\" style=\"aspect-ratio:1.6678178963893249;width:255px;height:auto\" srcset=\"https:\/\/www.tigermotorsport.ch\/wp-content\/uploads\/2026\/04\/IMG-20260405-WA0039-1-1024x768.jpg 1024w, https:\/\/www.tigermotorsport.ch\/wp-content\/uploads\/2026\/04\/IMG-20260405-WA0039-1-300x225.jpg 300w, https:\/\/www.tigermotorsport.ch\/wp-content\/uploads\/2026\/04\/IMG-20260405-WA0039-1-768x576.jpg 768w, https:\/\/www.tigermotorsport.ch\/wp-content\/uploads\/2026\/04\/IMG-20260405-WA0039-1-1536x1152.jpg 1536w, https:\/\/www.tigermotorsport.ch\/wp-content\/uploads\/2026\/04\/IMG-20260405-WA0039-1.jpg 2048w\" sizes=\"auto, (max-width: 767px) 89vw, (max-width: 1000px) 54vw, (max-width: 1071px) 543px, 580px\" \/><\/figure>\n\n\n\n<ul class=\"wp-block-list\">\n<li>Einen 2009 Subaru Impreza STI Hatchback als Daily<\/li>\n<\/ul>\n\n\n\n<figure class=\"wp-block-image size-large is-resized\"><img loading=\"lazy\" decoding=\"async\" width=\"1024\" height=\"614\" src=\"https:\/\/www.tigermotorsport.ch\/wp-content\/uploads\/2026\/02\/cropped-20250118_083256-scaled-1-1024x614.jpg\" alt=\"\" class=\"wp-image-647\" style=\"aspect-ratio:1.6678178963893249;width:255px;height:auto\" srcset=\"https:\/\/www.tigermotorsport.ch\/wp-content\/uploads\/2026\/02\/cropped-20250118_083256-scaled-1-1024x614.jpg 1024w, https:\/\/www.tigermotorsport.ch\/wp-content\/uploads\/2026\/02\/cropped-20250118_083256-scaled-1-300x180.jpg 300w, https:\/\/www.tigermotorsport.ch\/wp-content\/uploads\/2026\/02\/cropped-20250118_083256-scaled-1-768x461.jpg 768w, https:\/\/www.tigermotorsport.ch\/wp-content\/uploads\/2026\/02\/cropped-20250118_083256-scaled-1-1536x922.jpg 1536w, https:\/\/www.tigermotorsport.ch\/wp-content\/uploads\/2026\/02\/cropped-20250118_083256-scaled-1.jpg 2000w\" sizes=\"auto, (max-width: 767px) 89vw, (max-width: 1000px) 54vw, (max-width: 1071px) 543px, 580px\" \/><\/figure>\n\n\n\n<ul class=\"wp-block-list\">\n<li>Einen 2012 Hyundai IX35 von meiner Frau, nat\u00fcrlich tiefergelegt und mit gr\u00f6sserem Heckspoiler<\/li>\n<\/ul>\n\n\n\n<figure class=\"wp-block-image size-large is-resized\"><img loading=\"lazy\" decoding=\"async\" width=\"1024\" height=\"614\" src=\"https:\/\/www.tigermotorsport.ch\/wp-content\/uploads\/2026\/02\/cropped-20241116_170628-1024x614.jpg\" alt=\"\" class=\"wp-image-641\" style=\"aspect-ratio:1.6678008042066192;width:244px;height:auto\" srcset=\"https:\/\/www.tigermotorsport.ch\/wp-content\/uploads\/2026\/02\/cropped-20241116_170628-1024x614.jpg 1024w, https:\/\/www.tigermotorsport.ch\/wp-content\/uploads\/2026\/02\/cropped-20241116_170628-300x180.jpg 300w, https:\/\/www.tigermotorsport.ch\/wp-content\/uploads\/2026\/02\/cropped-20241116_170628-768x461.jpg 768w, https:\/\/www.tigermotorsport.ch\/wp-content\/uploads\/2026\/02\/cropped-20241116_170628-1536x922.jpg 1536w, https:\/\/www.tigermotorsport.ch\/wp-content\/uploads\/2026\/02\/cropped-20241116_170628.jpg 2000w\" sizes=\"auto, (max-width: 767px) 89vw, (max-width: 1000px) 54vw, (max-width: 1071px) 543px, 580px\" \/><\/figure>\n\n\n\n<div style=\"height:55px\" aria-hidden=\"true\" class=\"wp-block-spacer\"><\/div>\n\n\n\n<div class=\"wp-block-group is-nowrap is-layout-flex wp-container-core-group-is-layout-ad2f72ca wp-block-group-is-layout-flex\">\n<figure class=\"wp-block-image size-large\"><img loading=\"lazy\" decoding=\"async\" width=\"1024\" height=\"614\" src=\"https:\/\/www.tigermotorsport.ch\/wp-content\/uploads\/2026\/02\/cropped-20250817_174210-scaled-1-1024x614.jpg\" alt=\"\" class=\"wp-image-643\" srcset=\"https:\/\/www.tigermotorsport.ch\/wp-content\/uploads\/2026\/02\/cropped-20250817_174210-scaled-1-1024x614.jpg 1024w, https:\/\/www.tigermotorsport.ch\/wp-content\/uploads\/2026\/02\/cropped-20250817_174210-scaled-1-300x180.jpg 300w, https:\/\/www.tigermotorsport.ch\/wp-content\/uploads\/2026\/02\/cropped-20250817_174210-scaled-1-768x461.jpg 768w, https:\/\/www.tigermotorsport.ch\/wp-content\/uploads\/2026\/02\/cropped-20250817_174210-scaled-1-1536x922.jpg 1536w, https:\/\/www.tigermotorsport.ch\/wp-content\/uploads\/2026\/02\/cropped-20250817_174210-scaled-1.jpg 2000w\" sizes=\"auto, (max-width: 767px) 89vw, (max-width: 1000px) 54vw, (max-width: 1071px) 543px, 580px\" \/><\/figure>\n\n\n\n<p>Neben dem Schrauben und Fahren geh\u00f6rt auch eine Werkstatt schon immer dazu: Von der ersten kleinen Garage in D\u00e4rstetten, \u00fcber eine Clubgarage in Uetendorf mit eigenem Verein, bin ich heute wieder in einer eigenen kleinen Werkstatt aktiv.<\/p>\n<\/div>\n\n\n\n<div style=\"height:55px\" aria-hidden=\"true\" class=\"wp-block-spacer\"><\/div>\n\n\n\n<div class=\"wp-block-group is-nowrap is-layout-flex wp-container-core-group-is-layout-ad2f72ca wp-block-group-is-layout-flex\">\n<p>Privat bin ich gl\u00fccklich verheiratet \u2014 mit der besten Frau der Welt.<br>Auch sie teilt die Leidenschaft f\u00fcr den Motorsport und hilft gerne beim Schrauben. Die Flitterwochen waren eine Rally nach Sizilien mit dem kleinen MX5.<br><\/p>\n\n\n\n<figure class=\"wp-block-image size-large\"><img loading=\"lazy\" decoding=\"async\" width=\"1024\" height=\"577\" src=\"https:\/\/www.tigermotorsport.ch\/wp-content\/uploads\/2026\/02\/20241005_142333-1024x577.jpg\" alt=\"\" class=\"wp-image-661\" srcset=\"https:\/\/www.tigermotorsport.ch\/wp-content\/uploads\/2026\/02\/20241005_142333-1024x577.jpg 1024w, https:\/\/www.tigermotorsport.ch\/wp-content\/uploads\/2026\/02\/20241005_142333-300x169.jpg 300w, https:\/\/www.tigermotorsport.ch\/wp-content\/uploads\/2026\/02\/20241005_142333-768x432.jpg 768w, https:\/\/www.tigermotorsport.ch\/wp-content\/uploads\/2026\/02\/20241005_142333-1536x865.jpg 1536w, https:\/\/www.tigermotorsport.ch\/wp-content\/uploads\/2026\/02\/20241005_142333.jpg 2000w\" sizes=\"auto, (max-width: 767px) 89vw, (max-width: 1000px) 54vw, (max-width: 1071px) 543px, 580px\" \/><\/figure>\n<\/div>\n\n\n\n<div style=\"height:55px\" aria-hidden=\"true\" class=\"wp-block-spacer\"><\/div>\n\n\n\n<p>Zusammen fahren wir auch Motorrad \u2014 allerdings nicht auf der Rennstrecke, sondern ganz entspannt bei sch\u00f6nen Touren.<\/p>\n\n\n\n<figure class=\"wp-block-image size-large\"><img loading=\"lazy\" decoding=\"async\" width=\"1024\" height=\"768\" src=\"https:\/\/www.tigermotorsport.ch\/wp-content\/uploads\/2026\/02\/WhatsApp-Bild-2025-06-20-um-08.09.06_c29bdbca-1024x768.jpg\" alt=\"\" class=\"wp-image-682\" srcset=\"https:\/\/www.tigermotorsport.ch\/wp-content\/uploads\/2026\/02\/WhatsApp-Bild-2025-06-20-um-08.09.06_c29bdbca-1024x768.jpg 1024w, https:\/\/www.tigermotorsport.ch\/wp-content\/uploads\/2026\/02\/WhatsApp-Bild-2025-06-20-um-08.09.06_c29bdbca-300x225.jpg 300w, https:\/\/www.tigermotorsport.ch\/wp-content\/uploads\/2026\/02\/WhatsApp-Bild-2025-06-20-um-08.09.06_c29bdbca-768x576.jpg 768w, https:\/\/www.tigermotorsport.ch\/wp-content\/uploads\/2026\/02\/WhatsApp-Bild-2025-06-20-um-08.09.06_c29bdbca-1536x1152.jpg 1536w, https:\/\/www.tigermotorsport.ch\/wp-content\/uploads\/2026\/02\/WhatsApp-Bild-2025-06-20-um-08.09.06_c29bdbca.jpg 2048w\" sizes=\"auto, (max-width: 767px) 89vw, (max-width: 1000px) 54vw, (max-width: 1071px) 543px, 580px\" \/><\/figure>\n\n\n\n<p>Falls Ihr noch Infos zu meinen Werkstatthelfern wollt:<br><a href=\"https:\/\/www.tigermotorsport.ch\/?page_id=694\" data-type=\"page\" data-id=\"694\">Werkstatthelfer<\/a><\/p>\n\n\n\n<p><\/p>\n","protected":false},"excerpt":{"rendered":"<p>Hallo, ich bin Pascal \u2014 die meisten kennen mich allerdings nur als TIGER. Geboren 1987, habe ich schon fr\u00fch meine Leidenschaft f\u00fcr alles, was R\u00e4der und Motoren hat, entdeckt. 2006 habe ich meine erste Lehre als Automechaniker abgeschlossen, sp\u00e4ter folgte 2015 noch die Ausbildung zum Informatiker. Diese Kombination hilft mir heute nicht nur bei Schraubereien, &hellip; <\/p>\n<p class=\"link-more\"><a href=\"https:\/\/www.tigermotorsport.ch\/\" class=\"more-link\"><span class=\"screen-reader-text\">&#171;\u00dcber mich&#187;<\/span> weiterlesen<\/a><\/p>\n","protected":false},"author":2,"featured_media":0,"parent":0,"menu_order":0,"comment_status":"closed","ping_status":"closed","template":"","meta":{"footnotes":""},"class_list":["post-534","page","type-page","status-publish","hentry"],"_links":{"self":[{"href":"https:\/\/www.tigermotorsport.ch\/index.php?rest_route=\/wp\/v2\/pages\/534","targetHints":{"allow":["GET"]}}],"collection":[{"href":"https:\/\/www.tigermotorsport.ch\/index.php?rest_route=\/wp\/v2\/pages"}],"about":[{"href":"https:\/\/www.tigermotorsport.ch\/index.php?rest_route=\/wp\/v2\/types\/page"}],"author":[{"embeddable":true,"href":"https:\/\/www.tigermotorsport.ch\/index.php?rest_route=\/wp\/v2\/users\/2"}],"replies":[{"embeddable":true,"href":"https:\/\/www.tigermotorsport.ch\/index.php?rest_route=%2Fwp%2Fv2%2Fcomments&post=534"}],"version-history":[{"count":39,"href":"https:\/\/www.tigermotorsport.ch\/index.php?rest_route=\/wp\/v2\/pages\/534\/revisions"}],"predecessor-version":[{"id":804,"href":"https:\/\/www.tigermotorsport.ch\/index.php?rest_route=\/wp\/v2\/pages\/534\/revisions\/804"}],"wp:attachment":[{"href":"https:\/\/www.tigermotorsport.ch\/index.php?rest_route=%2Fwp%2Fv2%2Fmedia&parent=534"}],"curies":[{"name":"wp","href":"https:\/\/api.w.org\/{rel}","templated":true}]}}